{"id":3193,"date":"2023-05-23T16:30:05","date_gmt":"2023-05-23T16:30:05","guid":{"rendered":"https:\/\/ndbim.eu\/?page_id=3193"},"modified":"2023-12-04T10:19:25","modified_gmt":"2023-12-04T10:19:25","slug":"customers","status":"publish","type":"page","link":"https:\/\/ndbim.eu\/en\/clientes\/","title":{"rendered":"Clients"},"content":{"rendered":"<div class=\"wpb-content-wrapper\"><div data-vc-full-width=\"true\" data-vc-full-width-init=\"false\" data-vc-stretch-content=\"true\" class=\"vc_row wpb_row vc_row-fluid vc_row-no-padding\"><div class=\"wpb_column vc_column_container vc_col-sm-12 \"><div class=\"vc_column-inner \"><div class=\"wpb_wrapper\">[vc_banner_title heading_size=&#8221;h2&#8243; subtitle=&#8221;CLIENTES AMBICIOSOS&#8221; title=&#8221;We have worked with great people.&#8221; animation_text=&#8221;PEOPLE&#8221; columns=&#8221;%5B%7B%7D%5D&#8221;][\/vc_banner_title]<\/div><\/div><\/div><\/div><div class=\"vc_row-full-width vc_clearfix\"><\/div><div class=\"vc_row wpb_row vc_row-fluid vc_custom_1688477874747\"><div class=\"wpb_column vc_column_container vc_col-sm-3 \"><div class=\"vc_column-inner \"><div class=\"wpb_wrapper\">\n\t<div class=\"wpb_raw_code wpb_raw_html wpb_content_element\" >\n\t\t<div class=\"wpb_wrapper\">\n\t\t\t<iframe loading=\"lazy\" width=\"560\" height=\"100%\" src=\"https:\/\/www.youtube.com\/embed\/zOzWVAiqjdk\" title=\"YouTube video player\" frameborder=\"0\" allow=\"accelerometer; autoplay; clipboard-write; encrypted-media; gyroscope; picture-in-picture; web-share\" allowfullscreen><\/iframe>\n\t\t<\/div>\n\t<\/div>\n<\/div><\/div><\/div><div class=\"wpb_column vc_column_container vc_col-sm-3 \"><div class=\"vc_column-inner \"><div class=\"wpb_wrapper\">\n\t<div class=\"wpb_raw_code wpb_raw_html wpb_content_element\" >\n\t\t<div class=\"wpb_wrapper\">\n\t\t\t<iframe loading=\"lazy\" width=\"560\" height=\"100%\" src=\"https:\/\/www.youtube.com\/embed\/NeNnNm71fR8\" title=\"YouTube video player\" frameborder=\"0\" allow=\"accelerometer; autoplay; clipboard-write; encrypted-media; gyroscope; picture-in-picture; web-share\" allowfullscreen><\/iframe>\n\t\t<\/div>\n\t<\/div>\n<\/div><\/div><\/div><div class=\"wpb_column vc_column_container vc_col-sm-3 \"><div class=\"vc_column-inner \"><div class=\"wpb_wrapper\">\n\t<div class=\"wpb_raw_code wpb_raw_html wpb_content_element\" >\n\t\t<div class=\"wpb_wrapper\">\n\t\t\t<iframe loading=\"lazy\" width=\"560\" height=\"100%\" src=\"https:\/\/www.youtube.com\/embed\/tJobZWGAW_M\" title=\"YouTube video player\" frameborder=\"0\" allow=\"accelerometer; autoplay; clipboard-write; encrypted-media; gyroscope; picture-in-picture; web-share\" allowfullscreen><\/iframe>\n\n\t\t<\/div>\n\t<\/div>\n<\/div><\/div><\/div><div class=\"wpb_column vc_column_container vc_col-sm-3 \"><div class=\"vc_column-inner \"><div class=\"wpb_wrapper\">\n\t<div class=\"wpb_raw_code wpb_raw_html wpb_content_element\" >\n\t\t<div class=\"wpb_wrapper\">\n\t\t\t<iframe loading=\"lazy\" width=\"560\" height=\"100%\" src=\"https:\/\/www.youtube.com\/embed\/pt5oAKGphTI\" title=\"YouTube video player\" frameborder=\"0\" allow=\"accelerometer; autoplay; clipboard-write; encrypted-media; gyroscope; picture-in-picture; web-share\" allowfullscreen><\/iframe>\n\n\t\t<\/div>\n\t<\/div>\n<\/div><\/div><\/div><\/div><div class=\"vc_row wpb_row vc_row-fluid vc_custom_1688477882964\"><div class=\"wpb_column vc_column_container vc_col-sm-3 \"><div class=\"vc_column-inner \"><div class=\"wpb_wrapper\">\n\t<div class=\"wpb_raw_code wpb_raw_html wpb_content_element\" >\n\t\t<div class=\"wpb_wrapper\">\n\t\t\t<iframe loading=\"lazy\" width=\"560\" height=\"100%\" src=\"https:\/\/www.youtube.com\/embed\/oNpTNfSbC-c\" title=\"YouTube video player\" frameborder=\"0\" allow=\"accelerometer; autoplay; clipboard-write; encrypted-media; gyroscope; picture-in-picture; web-share\" allowfullscreen><\/iframe>\n\n\t\t<\/div>\n\t<\/div>\n<\/div><\/div><\/div><div class=\"wpb_column vc_column_container vc_col-sm-3 \"><div class=\"vc_column-inner \"><div class=\"wpb_wrapper\">\n\t<div class=\"wpb_raw_code wpb_raw_html wpb_content_element\" >\n\t\t<div class=\"wpb_wrapper\">\n\t\t\t<iframe loading=\"lazy\" width=\"560\" height=\"100%\" src=\"https:\/\/www.youtube.com\/embed\/PzzhlkRuqu0\" title=\"YouTube video player\" frameborder=\"0\" allow=\"accelerometer; autoplay; clipboard-write; encrypted-media; gyroscope; picture-in-picture; web-share\" allowfullscreen><\/iframe>\n\n\t\t<\/div>\n\t<\/div>\n<\/div><\/div><\/div><div class=\"wpb_column vc_column_container vc_col-sm-3 \"><div class=\"vc_column-inner \"><div class=\"wpb_wrapper\">\n\t<div class=\"wpb_raw_code wpb_raw_html wpb_content_element\" >\n\t\t<div class=\"wpb_wrapper\">\n\t\t\t<iframe loading=\"lazy\" width=\"560\" height=\"100%\" src=\"https:\/\/www.youtube.com\/embed\/b5tAzMyc5ac\" title=\"YouTube video player\" frameborder=\"0\" allow=\"accelerometer; autoplay; clipboard-write; encrypted-media; gyroscope; picture-in-picture; web-share\" allowfullscreen><\/iframe>\n\n\t\t<\/div>\n\t<\/div>\n<\/div><\/div><\/div><div class=\"wpb_column vc_column_container vc_col-sm-3 \"><div class=\"vc_column-inner \"><div class=\"wpb_wrapper\">\n\t<div class=\"wpb_raw_code wpb_raw_html wpb_content_element\" >\n\t\t<div class=\"wpb_wrapper\">\n\t\t\t<iframe loading=\"lazy\" width=\"560\" height=\"100%\" src=\"https:\/\/www.youtube.com\/embed\/sHGxKXnT8Do\" title=\"YouTube video player\" frameborder=\"0\" allow=\"accelerometer; autoplay; clipboard-write; encrypted-media; gyroscope; picture-in-picture; web-share\" allowfullscreen><\/iframe>\n\n\t\t<\/div>\n\t<\/div>\n<\/div><\/div><\/div><\/div><div class=\"vc_row wpb_row vc_row-fluid vc_custom_1688477891772\"><div class=\"wpb_column vc_column_container vc_col-sm-6 \"><div class=\"vc_column-inner \"><div class=\"wpb_wrapper\">\n\t<div class=\"wpb_raw_code wpb_raw_html wpb_content_element\" >\n\t\t<div class=\"wpb_wrapper\">\n\t\t\t<iframe loading=\"lazy\" width=\"560\" height=\"100%\" src=\"https:\/\/www.youtube.com\/embed\/gcrRKqqMZs0\" title=\"YouTube video player\" frameborder=\"0\" allow=\"accelerometer; autoplay; clipboard-write; encrypted-media; gyroscope; picture-in-picture; web-share\" allowfullscreen><\/iframe>\n\n\t\t<\/div>\n\t<\/div>\n<\/div><\/div><\/div><div class=\"wpb_column vc_column_container vc_col-sm-6 \"><div class=\"vc_column-inner \"><div class=\"wpb_wrapper\">\n\t<div class=\"wpb_raw_code wpb_raw_html wpb_content_element\" >\n\t\t<div class=\"wpb_wrapper\">\n\t\t\t<iframe loading=\"lazy\" width=\"560\" height=\"100%\" src=\"https:\/\/www.youtube.com\/embed\/8mQ0Ek70YYU\" title=\"YouTube video player\" frameborder=\"0\" allow=\"accelerometer; autoplay; clipboard-write; encrypted-media; gyroscope; picture-in-picture; web-share\" allowfullscreen><\/iframe>\n\n\t\t<\/div>\n\t<\/div>\n<\/div><\/div><\/div><\/div><div class=\"vc_row wpb_row vc_row-fluid  margin-lg-110b margin-sm-70b\"><div class=\"wpb_column vc_column_container vc_col-sm-6 vc_col-md-4 vc_col-xs-12 \"><div class=\"vc_column-inner \"><div class=\"wpb_wrapper\">[vc_clients clients_style=&#8221;default_style&#8221; image=&#8221;3048&#8243; link=&#8221;url:https%3A%2F%2Fwww.teixeiraduarte.pt%2F|title:VISITAR%20SITE|target:_blank&#8221; css=&#8221;.vc_custom_1684943903353{padding-top: 50px !important;padding-right: 50px !important;padding-bottom: 50px !important;padding-left: 50px !important;}&#8221;][vc_clients clients_style=&#8221;default_style&#8221; image=&#8221;3046&#8243; link=&#8221;url:https%3A%2F%2Fwww.tegraincorporadora.com.br%2Fsp%2F|title:VISITAR%20SITE|target:_blank&#8221; css=&#8221;.vc_custom_1684947143238{padding-top: 60px !important;padding-right: 60px !important;padding-bottom: 60px !important;padding-left: 60px !important;}&#8221;][vc_clients clients_style=&#8221;default_style&#8221; image=&#8221;3205&#8243; link=&#8221;url:https%3A%2F%2Fwww.lisboa.pt%2F|title:VISITAR%20SITE|target:_blank&#8221; css=&#8221;.vc_custom_1684943960521{padding-top: 50px !important;padding-right: 50px !important;padding-bottom: 50px !important;padding-left: 50px !important;}&#8221;][vc_clients clients_style=&#8221;default_style&#8221; image=&#8221;3209&#8243; link=&#8221;url:https%3A%2F%2Fwww.construtoracamargocorrea.com.br%2F|title:VISITAR%20SITE|target:_blank&#8221; css=&#8221;.vc_custom_1684944242641{padding-top: 25px !important;padding-right: 25px !important;padding-bottom: 25px !important;padding-left: 25px !important;}&#8221;][vc_clients clients_style=&#8221;default_style&#8221; image=&#8221;3211&#8243; link=&#8221;url:https%3A%2F%2Fwww.gafisa.com.br%2F|title:VISITAR%20SITE|target:_blank&#8221; css=&#8221;.vc_custom_1684947126268{padding-top: 65px !important;padding-right: 65px !important;padding-bottom: 65px !important;padding-left: 65px !important;}&#8221;][vc_clients clients_style=&#8221;default_style&#8221; image=&#8221;3215&#8243; link=&#8221;url:https%3A%2F%2Flucio.com.br%2F|title:VISITAR%20SITE|target:_blank&#8221; css=&#8221;.vc_custom_1684944549761{padding-top: 50px !important;padding-right: 50px !important;padding-bottom: 50px !important;padding-left: 50px !important;}&#8221;][vc_clients clients_style=&#8221;default_style&#8221; image=&#8221;3214&#8243; link=&#8221;url:https%3A%2F%2Fwww.gabrielcouto.pt%2F|title:VISITAR%20SITE|target:_blank&#8221; css=&#8221;.vc_custom_1684944379131{padding-top: 50px !important;padding-right: 50px !important;padding-bottom: 50px !important;padding-left: 50px !important;}&#8221;][vc_clients clients_style=&#8221;default_style&#8221; image=&#8221;3218&#8243; link=&#8221;url:https%3A%2F%2Fmac.com.br%2F|title:VISITAR%20SITE|target:_blank&#8221; css=&#8221;.vc_custom_1684946284559{padding-top: 100px !important;padding-right: 100px !important;padding-bottom: 100px !important;padding-left: 100px !important;}&#8221;]<\/div><\/div><\/div><div class=\"wpb_column vc_column_container vc_col-sm-6 vc_col-md-4 vc_col-xs-12 \"><div class=\"vc_column-inner \"><div class=\"wpb_wrapper\">[vc_clients clients_style=&#8221;default_style&#8221; image=&#8221;3044&#8243; link=&#8221;url:https%3A%2F%2Fwww.cyrela.com.br%2F|title:VISITAR%20SITE|target:_blank&#8221; css=&#8221;.vc_custom_1684947088078{padding-top: 65px !important;padding-right: 65px !important;padding-bottom: 65px !important;padding-left: 65px !important;}&#8221;][vc_clients clients_style=&#8221;default_style&#8221; image=&#8221;3203&#8243; link=&#8221;url:https%3A%2F%2Fwww.amorimluxury.com%2F|title:VISITAR%20SITE|target:_blank&#8221; css=&#8221;.vc_custom_1684943953409{padding-top: 50px !important;padding-right: 50px !important;padding-bottom: 50px !important;padding-left: 50px !important;}&#8221;][vc_clients clients_style=&#8221;default_style&#8221; image=&#8221;3202&#8243; link=&#8221;url:https%3A%2F%2Fwww.wsp.com%2F|title:VISITAR%20SITE|target:_blank&#8221; css=&#8221;.vc_custom_1684943945039{padding-top: 75px !important;padding-right: 75px !important;padding-bottom: 75px !important;padding-left: 75px !important;}&#8221;][vc_clients clients_style=&#8221;default_style&#8221; image=&#8221;3213&#8243; link=&#8221;url:https%3A%2F%2Fwww.hovione.pt%2F|title:VISITAR%20SITE|target:_blank&#8221; css=&#8221;.vc_custom_1684944309713{padding-top: 50px !important;padding-right: 50px !important;padding-bottom: 50px !important;padding-left: 50px !important;}&#8221;][vc_clients clients_style=&#8221;default_style&#8221; image=&#8221;3219&#8243; link=&#8221;url:https%3A%2F%2Fwww.oeirasvalley.com%2F|title:VISITAR%20SITE|target:_blank&#8221; css=&#8221;.vc_custom_1684946296910{padding-top: 100px !important;padding-right: 100px !important;padding-bottom: 100px !important;padding-left: 100px !important;}&#8221;][vc_clients clients_style=&#8221;default_style&#8221; image=&#8221;3222&#8243; link=&#8221;url:https%3A%2F%2Fwww.quadrante-engenharia.pt%2F|title:VISITAR%20SITE|target:_blank&#8221; css=&#8221;.vc_custom_1684946328879{padding-top: 20px !important;padding-right: 20px !important;padding-bottom: 20px !important;padding-left: 20px !important;}&#8221;][vc_clients clients_style=&#8221;default_style&#8221; image=&#8221;3227&#8243; link=&#8221;url:https%3A%2F%2Fconstrutoraatrium.com.br%2F|title:VISITAR%20SITE|target:_blank&#8221; css=&#8221;.vc_custom_1684946855686{padding-top: 50px !important;padding-right: 50px !important;padding-bottom: 50px !important;padding-left: 50px !important;}&#8221;][vc_clients clients_style=&#8221;default_style&#8221; image=&#8221;3221&#8243; link=&#8221;url:https%3A%2F%2Fnovonor.com%2F|title:VISITAR%20SITE|target:_blank&#8221; css=&#8221;.vc_custom_1684945139063{padding-top: 50px !important;padding-right: 50px !important;padding-bottom: 50px !important;padding-left: 50px !important;}&#8221;]<\/div><\/div><\/div><div class=\"wpb_column vc_column_container vc_col-sm-6 vc_col-md-4 vc_col-xs-12 \"><div class=\"vc_column-inner \"><div class=\"wpb_wrapper\">[vc_clients clients_style=&#8221;default_style&#8221; image=&#8221;3027&#8243; link=&#8221;url:https%3A%2F%2Fwww.avenue.pt%2F|title:VISITAR%20SITE|target:_blank&#8221; css=&#8221;.vc_custom_1684947059292{padding-top: 75px !important;padding-right: 75px !important;padding-bottom: 75px !important;padding-left: 75px !important;}&#8221;][vc_clients clients_style=&#8221;default_style&#8221; image=&#8221;3041&#8243; link=&#8221;url:https%3A%2F%2Fcastro-group.pt%2F|title:VISITAR%20SITE|target:_blank&#8221; css=&#8221;.vc_custom_1684943927674{padding-top: 50px !important;padding-right: 50px !important;padding-bottom: 50px !important;padding-left: 50px !important;}&#8221;][vc_clients clients_style=&#8221;default_style&#8221; image=&#8221;3207&#8243; link=&#8221;url:https%3A%2F%2Fwww.alianscesonae.com.br%2F|title:VISITAR%20SITE|target:_blank&#8221; css=&#8221;.vc_custom_1684947105878{padding-top: 65px !important;padding-right: 65px !important;padding-bottom: 65px !important;padding-left: 65px !important;}&#8221;][vc_clients clients_style=&#8221;default_style&#8221; image=&#8221;3216&#8243; link=&#8221;url:https%3A%2F%2Fwww.jcfsa.pt%2F|title:VISITAR%20SITE|target:_blank&#8221; css=&#8221;.vc_custom_1684944619871{padding-top: 50px !important;padding-right: 50px !important;padding-bottom: 50px !important;padding-left: 50px !important;}&#8221;][vc_clients clients_style=&#8221;default_style&#8221; image=&#8221;3220&#8243; link=&#8221;url:https%3A%2F%2Fwww.metodo.com.br%2F|title:VISITAR%20SITE|target:_blank&#8221; css=&#8221;.vc_custom_1684945013366{padding-top: 50px !important;padding-right: 50px !important;padding-bottom: 50px !important;padding-left: 50px !important;}&#8221;][vc_clients clients_style=&#8221;default_style&#8221; image=&#8221;3225&#8243; link=&#8221;url:https%3A%2F%2Fwww.tecnisa.com.br%2Fsp%2Fsao-paulo|title:VISITAR%20SITE|target:_blank&#8221; css=&#8221;.vc_custom_1684946420862{padding-top: 80px !important;padding-right: 80px !important;padding-bottom: 80px !important;padding-left: 80px !important;}&#8221;][vc_clients clients_style=&#8221;default_style&#8221; image=&#8221;3210&#8243; link=&#8221;url:https%3A%2F%2Fwww.fibraexperts.com.br%2F|title:VISITAR%20SITE|target:_blank&#8221; css=&#8221;.vc_custom_1684944177297{padding-top: 50px !important;padding-right: 50px !important;padding-bottom: 50px !important;padding-left: 50px !important;}&#8221;][vc_clients clients_style=&#8221;default_style&#8221; image=&#8221;3226&#8243; link=&#8221;url:https%3A%2F%2Fvisioarq.pt%2F|title:VISITAR%20SITE|target:_blank&#8221; css=&#8221;.vc_custom_1684946489326{padding-top: 75px !important;padding-right: 75px !important;padding-bottom: 75px !important;padding-left: 75px !important;}&#8221;]<\/div><\/div><\/div><\/div>\n<\/div>","protected":false},"excerpt":{"rendered":"[vc_banner_title heading_size=\"h2\" subtitle=\"CLIENTES AMBICIOSOS\" title=\"We have worked with great people.\" animation_text=\"PEOPLE\" columns=\"%5B%7B%7D%5D\"][\/vc_banner_title] [vc_clients clients_style=\"default_style\" image=\"3048\" link=\"url:https%3A%2F%2Fwww.teixeiraduarte.pt%2F|title:VISITAR%20SITE|target:_blank\" css=\".vc_custom_1684943903353{padding-top: 50px !important;padding-right: 50px","protected":false},"author":3,"featured_media":0,"parent":0,"menu_order":0,"comment_status":"closed","ping_status":"closed","template":"","meta":{"footnotes":""},"class_list":["post-3193","page","type-page","status-publish","hentry"],"aioseo_notices":[],"yoast_head":"<!-- This site is optimized with the Yoast SEO plugin v27.5 - https:\/\/yoast.com\/product\/yoast-seo-wordpress\/ -->\n<title>Clientes | ndBIM Virtual Building<\/title>\n<meta name=\"description\" content=\"Descubra por que os clientes da ndBIM est\u00e3o sempre satisfeitos! A nossa equipa altamente qualificada e solu\u00e7\u00f5es BIM de ponta t\u00eam transformado projetos em sucessos. Conhe\u00e7a os depoimentos de clientes satisfeitos e como a nossa abordagem personalizada impulsiona a efici\u00eancia e a inova\u00e7\u00e3o na constru\u00e7\u00e3o.\" \/>\n<meta name=\"robots\" content=\"index, follow, max-snippet:-1, max-image-preview:large, max-video-preview:-1\" \/>\n<link rel=\"canonical\" href=\"https:\/\/ndbim.eu\/en\/customers\/\" \/>\n<meta property=\"og:locale\" content=\"en_US\" \/>\n<meta property=\"og:type\" content=\"article\" \/>\n<meta property=\"og:title\" content=\"Clientes | ndBIM Virtual Building\" \/>\n<meta property=\"og:description\" content=\"Descubra por que os clientes da ndBIM est\u00e3o sempre satisfeitos! A nossa equipa altamente qualificada e solu\u00e7\u00f5es BIM de ponta t\u00eam transformado projetos em sucessos. Conhe\u00e7a os depoimentos de clientes satisfeitos e como a nossa abordagem personalizada impulsiona a efici\u00eancia e a inova\u00e7\u00e3o na constru\u00e7\u00e3o.\" \/>\n<meta property=\"og:url\" content=\"https:\/\/ndbim.eu\/en\/customers\/\" \/>\n<meta property=\"og:site_name\" content=\"ndBIM Virtual Building\" \/>\n<meta property=\"article:publisher\" content=\"https:\/\/www.facebook.com\/NDBIM\" \/>\n<meta property=\"article:modified_time\" content=\"2023-12-04T10:19:25+00:00\" \/>\n<meta property=\"og:image\" content=\"https:\/\/ndbim.eu\/wp-content\/uploads\/2023\/07\/Logo-novo-ideias_Prancheta-1-copia-4-copy-3.jpg\" \/>\n\t<meta property=\"og:image:width\" content=\"1146\" \/>\n\t<meta property=\"og:image:height\" content=\"1146\" \/>\n\t<meta property=\"og:image:type\" content=\"image\/jpeg\" \/>\n<meta name=\"twitter:card\" content=\"summary_large_image\" \/>\n<meta name=\"twitter:site\" content=\"@ndBIM\" \/>\n<meta name=\"twitter:label1\" content=\"Est. reading time\" \/>\n\t<meta name=\"twitter:data1\" content=\"2 minutes\" \/>\n<script type=\"application\/ld+json\" class=\"yoast-schema-graph\">{\"@context\":\"https:\\\/\\\/schema.org\",\"@graph\":[{\"@type\":\"WebPage\",\"@id\":\"https:\\\/\\\/ndbim.eu\\\/clientes\\\/\",\"url\":\"https:\\\/\\\/ndbim.eu\\\/clientes\\\/\",\"name\":\"Clientes | ndBIM Virtual Building\",\"isPartOf\":{\"@id\":\"https:\\\/\\\/ndbim.eu\\\/#website\"},\"datePublished\":\"2023-05-23T16:30:05+00:00\",\"dateModified\":\"2023-12-04T10:19:25+00:00\",\"description\":\"Descubra por que os clientes da ndBIM est\u00e3o sempre satisfeitos! A nossa equipa altamente qualificada e solu\u00e7\u00f5es BIM de ponta t\u00eam transformado projetos em sucessos. Conhe\u00e7a os depoimentos de clientes satisfeitos e como a nossa abordagem personalizada impulsiona a efici\u00eancia e a inova\u00e7\u00e3o na constru\u00e7\u00e3o.\",\"breadcrumb\":{\"@id\":\"https:\\\/\\\/ndbim.eu\\\/clientes\\\/#breadcrumb\"},\"inLanguage\":\"en-US\",\"potentialAction\":[{\"@type\":\"ReadAction\",\"target\":[\"https:\\\/\\\/ndbim.eu\\\/clientes\\\/\"]}]},{\"@type\":\"BreadcrumbList\",\"@id\":\"https:\\\/\\\/ndbim.eu\\\/clientes\\\/#breadcrumb\",\"itemListElement\":[{\"@type\":\"ListItem\",\"position\":1,\"name\":\"In\u00edcio\",\"item\":\"https:\\\/\\\/ndbim.eu\\\/\"},{\"@type\":\"ListItem\",\"position\":2,\"name\":\"Clientes\"}]},{\"@type\":\"WebSite\",\"@id\":\"https:\\\/\\\/ndbim.eu\\\/#website\",\"url\":\"https:\\\/\\\/ndbim.eu\\\/\",\"name\":\"ndBIM Virtual Building\",\"description\":\"Creating value in everything we touch | Building Information Modeling (BIM)\",\"publisher\":{\"@id\":\"https:\\\/\\\/ndbim.eu\\\/#organization\"},\"alternateName\":\"ndBIM - O seu parceiro BIM\",\"potentialAction\":[{\"@type\":\"SearchAction\",\"target\":{\"@type\":\"EntryPoint\",\"urlTemplate\":\"https:\\\/\\\/ndbim.eu\\\/?s={search_term_string}\"},\"query-input\":{\"@type\":\"PropertyValueSpecification\",\"valueRequired\":true,\"valueName\":\"search_term_string\"}}],\"inLanguage\":\"en-US\"},{\"@type\":\"Organization\",\"@id\":\"https:\\\/\\\/ndbim.eu\\\/#organization\",\"name\":\"ndBIM Virtual Building\",\"alternateName\":\"ndBIM Virtual Building\",\"url\":\"https:\\\/\\\/ndbim.eu\\\/\",\"logo\":{\"@type\":\"ImageObject\",\"inLanguage\":\"en-US\",\"@id\":\"https:\\\/\\\/ndbim.eu\\\/#\\\/schema\\\/logo\\\/image\\\/\",\"url\":\"https:\\\/\\\/ndbim.eu\\\/wp-content\\\/uploads\\\/2023\\\/07\\\/Logo-novo-ideias_Prancheta-1-copia-4-copy-3.jpg\",\"contentUrl\":\"https:\\\/\\\/ndbim.eu\\\/wp-content\\\/uploads\\\/2023\\\/07\\\/Logo-novo-ideias_Prancheta-1-copia-4-copy-3.jpg\",\"width\":1146,\"height\":1146,\"caption\":\"ndBIM Virtual Building\"},\"image\":{\"@id\":\"https:\\\/\\\/ndbim.eu\\\/#\\\/schema\\\/logo\\\/image\\\/\"},\"sameAs\":[\"https:\\\/\\\/www.facebook.com\\\/NDBIM\",\"https:\\\/\\\/x.com\\\/ndBIM\",\"https:\\\/\\\/www.linkedin.com\\\/company\\\/ndbim\\\/\"]}]}<\/script>\n<!-- \/ Yoast SEO plugin. -->","yoast_head_json":{"title":"Clients | ndBIM Virtual Building","description":"Find out why ndBIM customers are always satisfied! Our highly qualified team and cutting-edge BIM solutions have turned projects into successes. Hear testimonials from satisfied customers and how our personalized approach drives efficiency and innovation in construction.","robots":{"index":"index","follow":"follow","max-snippet":"max-snippet:-1","max-image-preview":"max-image-preview:large","max-video-preview":"max-video-preview:-1"},"canonical":"https:\/\/ndbim.eu\/en\/customers\/","og_locale":"en_US","og_type":"article","og_title":"Clientes | ndBIM Virtual Building","og_description":"Descubra por que os clientes da ndBIM est\u00e3o sempre satisfeitos! A nossa equipa altamente qualificada e solu\u00e7\u00f5es BIM de ponta t\u00eam transformado projetos em sucessos. Conhe\u00e7a os depoimentos de clientes satisfeitos e como a nossa abordagem personalizada impulsiona a efici\u00eancia e a inova\u00e7\u00e3o na constru\u00e7\u00e3o.","og_url":"https:\/\/ndbim.eu\/en\/customers\/","og_site_name":"ndBIM Virtual Building","article_publisher":"https:\/\/www.facebook.com\/NDBIM","article_modified_time":"2023-12-04T10:19:25+00:00","og_image":[{"width":1146,"height":1146,"url":"https:\/\/ndbim.eu\/wp-content\/uploads\/2023\/07\/Logo-novo-ideias_Prancheta-1-copia-4-copy-3.jpg","type":"image\/jpeg"}],"twitter_card":"summary_large_image","twitter_site":"@ndBIM","twitter_misc":{"Est. reading time":"2 minutes"},"schema":{"@context":"https:\/\/schema.org","@graph":[{"@type":"WebPage","@id":"https:\/\/ndbim.eu\/clientes\/","url":"https:\/\/ndbim.eu\/clientes\/","name":"Clients | ndBIM Virtual Building","isPartOf":{"@id":"https:\/\/ndbim.eu\/#website"},"datePublished":"2023-05-23T16:30:05+00:00","dateModified":"2023-12-04T10:19:25+00:00","description":"Find out why ndBIM customers are always satisfied! Our highly qualified team and cutting-edge BIM solutions have turned projects into successes. Hear testimonials from satisfied customers and how our personalized approach drives efficiency and innovation in construction.","breadcrumb":{"@id":"https:\/\/ndbim.eu\/clientes\/#breadcrumb"},"inLanguage":"en-US","potentialAction":[{"@type":"ReadAction","target":["https:\/\/ndbim.eu\/clientes\/"]}]},{"@type":"BreadcrumbList","@id":"https:\/\/ndbim.eu\/clientes\/#breadcrumb","itemListElement":[{"@type":"ListItem","position":1,"name":"In\u00edcio","item":"https:\/\/ndbim.eu\/"},{"@type":"ListItem","position":2,"name":"Clientes"}]},{"@type":"WebSite","@id":"https:\/\/ndbim.eu\/#website","url":"https:\/\/ndbim.eu\/","name":"ndBIM Virtual Building","description":"Creating value in everything we touch | Building Information Modeling (BIM)","publisher":{"@id":"https:\/\/ndbim.eu\/#organization"},"alternateName":"ndBIM - O seu parceiro BIM","potentialAction":[{"@type":"SearchAction","target":{"@type":"EntryPoint","urlTemplate":"https:\/\/ndbim.eu\/?s={search_term_string}"},"query-input":{"@type":"PropertyValueSpecification","valueRequired":true,"valueName":"search_term_string"}}],"inLanguage":"en-US"},{"@type":"Organization","@id":"https:\/\/ndbim.eu\/#organization","name":"ndBIM Virtual Building","alternateName":"ndBIM Virtual Building","url":"https:\/\/ndbim.eu\/","logo":{"@type":"ImageObject","inLanguage":"en-US","@id":"https:\/\/ndbim.eu\/#\/schema\/logo\/image\/","url":"https:\/\/ndbim.eu\/wp-content\/uploads\/2023\/07\/Logo-novo-ideias_Prancheta-1-copia-4-copy-3.jpg","contentUrl":"https:\/\/ndbim.eu\/wp-content\/uploads\/2023\/07\/Logo-novo-ideias_Prancheta-1-copia-4-copy-3.jpg","width":1146,"height":1146,"caption":"ndBIM Virtual Building"},"image":{"@id":"https:\/\/ndbim.eu\/#\/schema\/logo\/image\/"},"sameAs":["https:\/\/www.facebook.com\/NDBIM","https:\/\/x.com\/ndBIM","https:\/\/www.linkedin.com\/company\/ndbim\/"]}]}},"_links":{"self":[{"href":"https:\/\/ndbim.eu\/en\/wp-json\/wp\/v2\/pages\/3193","targetHints":{"allow":["GET"]}}],"collection":[{"href":"https:\/\/ndbim.eu\/en\/wp-json\/wp\/v2\/pages"}],"about":[{"href":"https:\/\/ndbim.eu\/en\/wp-json\/wp\/v2\/types\/page"}],"author":[{"embeddable":true,"href":"https:\/\/ndbim.eu\/en\/wp-json\/wp\/v2\/users\/3"}],"replies":[{"embeddable":true,"href":"https:\/\/ndbim.eu\/en\/wp-json\/wp\/v2\/comments?post=3193"}],"version-history":[{"count":27,"href":"https:\/\/ndbim.eu\/en\/wp-json\/wp\/v2\/pages\/3193\/revisions"}],"predecessor-version":[{"id":4446,"href":"https:\/\/ndbim.eu\/en\/wp-json\/wp\/v2\/pages\/3193\/revisions\/4446"}],"wp:attachment":[{"href":"https:\/\/ndbim.eu\/en\/wp-json\/wp\/v2\/media?parent=3193"}],"curies":[{"name":"wp","href":"https:\/\/api.w.org\/{rel}","templated":true}]}}